{"id":3500,"date":"2025-11-19T10:55:03","date_gmt":"2025-11-19T09:55:03","guid":{"rendered":"https:\/\/www.domaine-usseglio-pierre.com\/?post_type=product&#038;p=3500"},"modified":"2025-11-21T14:36:47","modified_gmt":"2025-11-21T13:36:47","slug":"cuvee-de-mon-aieul-2023-copie","status":"publish","type":"product","link":"https:\/\/www.domaine-usseglio-pierre.com\/en\/produit\/cuvee-de-mon-aieul-2023-copie\/","title":{"rendered":"CUV\u00c9E DE MON A\u00cfEUL 2020"},"content":{"rendered":"<div class=\"flex\">\n<p><img decoding=\"async\" src=\"\/wp-content\/uploads\/2025\/08\/type-sol-TERRACOTTA.webp\" alt=\"pictogramme type de sol usseglio\" \/><\/p>\n<div>\n<h3>SOIL TYPE :<\/h3>\n<p>We work on different terroirs, Sand, Clay and Galets roul\u00e9s<br \/>\nThis diversity allows us to obtain a complex and balances wine.<\/p>\n<\/div>\n<\/div>\n<div class=\"flex\">\n<p><img decoding=\"async\" src=\"\/wp-content\/uploads\/2025\/08\/encepagement-TERRACOTTA.webp\" alt=\"pictogramme encepagement usseglio\" \/><\/p>\n<div>\n<h3>GRAPE VARIETIES :<\/h3>\n<p>Grenache : 100%<\/p>\n<\/div>\n<\/div>\n<div class=\"flex\">\n<p><img decoding=\"async\" src=\"\/wp-content\/uploads\/2025\/08\/vigne-TERRACOTTA.webp\" alt=\"pictogramme vinification usseglio\" \/><\/p>\n<div>\n<h3>VINIFICATION, ELEVAGE :<\/h3>\n<p>Our Ch\u00e2teauneuf du Pape Cuv\u00e9e de mon A\u00efeul is produced<br \/>\nin the traditional way, we carry out plot selections, the vines are<br \/>\nbetween 85 and 110 years old. The grapes are harvested<br \/>\nmanually and not destemmed. The vatting is followed by<br \/>\nthermoregulation and lasts between 30 to 45 days. The<br \/>\nwines are aged in \u00bd muids barrels and concrete tank over<br \/>\na period of 12 months then bottled in spring.<\/p>\n<\/div>\n<\/div>\n<div class=\"flex\">\n<p><img decoding=\"async\" src=\"\/wp-content\/uploads\/2025\/08\/degustation-TERRACOTTA.webp\" alt=\"pictogramme vinification usseglio\" \/><\/p>\n<div>\n<h3>TASTING :<\/h3>\n<p>balance and finesse in our Cuv\u00e9e de mon A\u00efeul. It is a pure and<br \/>\nconcentrated wine, with aromas of black fruits, liquorice and<br \/>\nspice with silky, coated tannins. Very good aging potential<br \/>\nwith high acidity. A powerful wine of great elegance.<\/p>\n<\/div>\n<\/div>\n<div class=\"fiche-technique-wrapper\">\n<p><button class=\"fusion-button toggle-btn\">Learn more <span class=\"toggle-icon\">+<\/span><\/button><\/p>\n<div class=\"fiche-technique-content\"><a class=\"fusion-button\" href=\"\/wp-content\/uploads\/2025\/11\/CMA-anglais.pdf\" target=\"_blank\" rel=\"noopener\">Download the technical data sheet<\/a><\/div>\n<\/div>\n","protected":false},"excerpt":{"rendered":"<p>SOIL TYPE : We work on different terroirs, Sand, Clay  [&#8230;]<\/p>\n","protected":false},"featured_media":4165,"comment_status":"closed","ping_status":"closed","template":"","meta":[],"product_brand":[],"product_cat":[45,49],"product_tag":[],"class_list":{"0":"post-3500","1":"product","2":"type-product","3":"status-publish","4":"has-post-thumbnail","6":"product_cat-chateauneuf-du-pape-en","7":"product_cat-exceptional-wines","9":"first","10":"instock","11":"shipping-taxable","12":"purchasable","13":"product-type-simple"},"_links":{"self":[{"href":"https:\/\/www.domaine-usseglio-pierre.com\/en\/wp-json\/wp\/v2\/product\/3500","targetHints":{"allow":["GET"]}}],"collection":[{"href":"https:\/\/www.domaine-usseglio-pierre.com\/en\/wp-json\/wp\/v2\/product"}],"about":[{"href":"https:\/\/www.domaine-usseglio-pierre.com\/en\/wp-json\/wp\/v2\/types\/product"}],"replies":[{"embeddable":true,"href":"https:\/\/www.domaine-usseglio-pierre.com\/en\/wp-json\/wp\/v2\/comments?post=3500"}],"wp:featuredmedia":[{"embeddable":true,"href":"https:\/\/www.domaine-usseglio-pierre.com\/en\/wp-json\/wp\/v2\/media\/4165"}],"wp:attachment":[{"href":"https:\/\/www.domaine-usseglio-pierre.com\/en\/wp-json\/wp\/v2\/media?parent=3500"}],"wp:term":[{"taxonomy":"product_brand","embeddable":true,"href":"https:\/\/www.domaine-usseglio-pierre.com\/en\/wp-json\/wp\/v2\/product_brand?post=3500"},{"taxonomy":"product_cat","embeddable":true,"href":"https:\/\/www.domaine-usseglio-pierre.com\/en\/wp-json\/wp\/v2\/product_cat?post=3500"},{"taxonomy":"product_tag","embeddable":true,"href":"https:\/\/www.domaine-usseglio-pierre.com\/en\/wp-json\/wp\/v2\/product_tag?post=3500"}],"curies":[{"name":"wp","href":"https:\/\/api.w.org\/{rel}","templated":true}]}}