{"id":801,"date":"2018-06-19T15:16:13","date_gmt":"2018-06-19T13:16:13","guid":{"rendered":"https:\/\/www.domaine-usseglio-pierre.com\/creation-site-internet-vin\/"},"modified":"2018-07-11T17:06:06","modified_gmt":"2018-07-11T15:06:06","slug":"vin-website-creation","status":"publish","type":"page","link":"https:\/\/www.domaine-usseglio-pierre.com\/en\/vin-website-creation\/","title":{"rendered":"Vin website creation"},"content":{"rendered":"<section class=\"wrapper_pg\">\n<div class=\"row azuracom\">\n<div class=\"bg_img\">\n<div class=\"wrapper_video_azuracom\"><video class=\"video_azuracom\" autoplay=\"autoplay\" loop=\"loop\" controls=\"controls\" width=\"300\" height=\"150\"><source src=\"\/wp-content\/uploads\/2018\/06\/video-azuracom.mp4\" type=\"video\/mp4\" \/><source src=\"\/wp-content\/uploads\/2018\/06\/video-azuracom.webm\" type=\"video\/webm\" \/><source src=\"\/wp-content\/uploads\/2018\/06\/video-azuracom.ogg\" type=\"video\/ogg\" \/><\/video><\/div>\n<\/div>\n<div class=\"para\">\n<h2>Une agence web pas comme les autres !<\/h2>\n<p>Azuracom, votre <strong>agence web<\/strong>, s&#8217;occupe de la r\u00e9alisation de tous vos projets de <strong>site internet vin<\/strong> ou print (affiches, logos, cartes de visite, etc).<\/p>\n<p>Pour votre <strong>cr\u00e9ation de site internet vin<\/strong>, n&#8217;h\u00e9sitez pas \u00e0 contacter notre <strong>agence web<\/strong> : notre savoir-faire, notre exp\u00e9rience et notre souci du d\u00e9tail sont la garantie d&#8217;un r\u00e9sultat de qualit\u00e9. Azuracom vous propose diff\u00e9rentes solutions de qualit\u00e9 en ad\u00e9quation avec votre budget.<\/p>\n<\/div>\n<\/div>\n<div class=\"row presta_azuracom\">\n<h2>Notre agence web \u00e0 votre service<\/h2>\n<p class=\"para_accroche\">D\u00e9couvrez tous nos services pour la <strong>cr\u00e9ation de votre site internet<br \/>\n<\/strong><\/p>\n<div class=\"row_wrapper_service\">\n<div class=\"card_service\">\n<div class=\"wrapper_img_card\"><img decoding=\"async\" class=\"icone\" src=\"\/wp-content\/uploads\/2018\/06\/creation-site-internet-anime.gif\" alt=\"Agence web Viticole - Azuracom communication, cr\u00e9ation site internet sur-mesure\" \/><\/div>\n<h3>Cr\u00e9ation de Site Internet<\/h3>\n<p>Pour <strong>cr\u00e9er un site web<\/strong> \u00e0 votre image, nous mobilisons toutes nos comp\u00e9tences : <strong>webdesign<\/strong>, <strong>d\u00e9veloppement web<\/strong> et <strong>r\u00e9f\u00e9rencement<\/strong>.<\/p>\n<\/div>\n<div class=\"card_service\">\n<div class=\"wrapper_img_card\"><img decoding=\"async\" class=\"icone\" src=\"\/wp-content\/uploads\/2018\/06\/creation-site-e-commerce-vaucluse.gif\" alt=\"Agence web Viticole - Azuracom, cr\u00e9ation site e-commerce\" \/><\/div>\n<h3>Site e-commerce<\/h3>\n<p>Nous d\u00e9finissons votre strat\u00e9gie <strong>e-commerce<\/strong>. Dans la jungle des <strong>sites de vente en ligne<\/strong>, notre <strong>agence web<\/strong> accro\u00eet votre visibilit\u00e9 et vos ventes!<\/p>\n<\/div>\n<div class=\"card_service\">\n<div class=\"wrapper_img_card\"><img decoding=\"async\" class=\"icone\" src=\"\/wp-content\/uploads\/2018\/06\/developpement-web-sur-mesure-vaucluse.gif\" alt=\"Agence web Viticole - Azuracom, d\u00e9veloppement web sur-mesure\" \/><\/div>\n<h3>D\u00e9veloppement web<\/h3>\n<p>Nos ing\u00e9nieurs d\u00e9veloppent des logiciels m\u00e9tiers sur mesure pour r\u00e9pondre \u00e0 tous vos besoins. Nous sommes au coeur de l&#8217;innovation, et cherchons \u00e0 \u00eatre toujours plus efficaces.<\/p>\n<\/div>\n<\/div>\n<div class=\"row_wrapper_service\">\n<div class=\"card_service\">\n<div class=\"wrapper_img_card\"><img decoding=\"async\" class=\"icone\" src=\"\/wp-content\/uploads\/2018\/06\/developpement-application-mobile-vaucluse.gif\" alt=\"Agence web Viticole - Azuracom, cr\u00e9ation application mobile sur-mesure\" \/><\/div>\n<h3>Cr\u00e9ation application mobile<\/h3>\n<p>Avec un march\u00e9 des smartphones et tablettes tactiles en pleine croissance, la <strong>cr\u00e9ation d&#8217;application mobile<\/strong>, ou de <strong>site web responsive<\/strong> est aujourd&#8217;hui essentielle !<\/p>\n<\/div>\n<div class=\"card_service\">\n<div class=\"wrapper_img_card\"><img decoding=\"async\" class=\"icone\" src=\"\/wp-content\/uploads\/2018\/06\/referencement-site-internet-vauluse.gif\" alt=\"Agence web Viticole - Azuracom, r\u00e9f\u00e9rencement site internet google\" \/><\/div>\n<h3>R\u00e9f\u00e9rencement Google<\/h3>\n<p>Notre <strong>agence web en Vaucluse<\/strong> est sp\u00e9cialiste du <strong>r\u00e9f\u00e9rencement naturel<\/strong> et r\u00e9alise votre <strong>campagne de mots-cl\u00e9s google Adwords<\/strong> sur mesure. Nous augmentons votre visibilit\u00e9 en vous positionnant en haut des moteurs de recherche.<\/p>\n<\/div>\n<div class=\"card_service\">\n<div class=\"wrapper_img_card\"><img decoding=\"async\" class=\"icone\" src=\"\/wp-content\/uploads\/2018\/06\/identite-visuelle-impression-vaucluse.gif\" alt=\"Agence web Viticole - Azuracom, cr\u00e9ation identit\u00e9 visuelle, logo et webdesign\" \/><\/div>\n<h3>Identit\u00e9 visuelle | Print<\/h3>\n<p><strong>Cr\u00e9ation de logo<\/strong>, <strong>webdesign<\/strong>, <strong>carte de visite<\/strong> : notre <strong>agence web Viticole<\/strong> saura r\u00e9pondre \u00e0 tous vos besoins de cr\u00e9ation d&#8217;identit\u00e9 visuelle !<\/p>\n<\/div>\n<\/div>\n<\/div>\n<div class=\"row martigues\">\n<div class=\"bg_img\">\n<div class=\"wrapper_logo_azuracom\"><img decoding=\"async\" class=\"icone\" src=\"\/wp-content\/uploads\/2018\/06\/logo-azuracom.png\" alt=\"Agence web Viticole - Azuracom, cr\u00e9ation site internet sur-mesure\" \/><\/div>\n<\/div>\n<div class=\"para\">\n<h2>Dans le domaine vitcole mais pas seulement<\/h2>\n<p>Azuracom, <strong>agence web<\/strong> est votre partenaire de choix pour une <strong>cr\u00e9ation de site internet vin<\/strong>, afin d&#8217;augmenter votre visibilit\u00e9. Positionnez-vous en t\u00eate des moteurs de recherche. Azuracom vous accueille sur rendez-vous \u00e0 Avignon (Agroparc), ou \u00e0 Cavaillon.<\/p>\n<p>Nous sommes pr\u00e9sents \u00e0 <strong>Avignon<\/strong>, et nous cr\u00e9ons votre site internet tout le domaine <strong>Viticole<\/strong> ! N&#8217;h\u00e9sitez pas \u00e0 nous contacter, quel que soit votre secteur g\u00e9ographique.<\/p>\n<\/div>\n<\/div>\n<\/section>\n<section class=\"wrapper_pg\"><\/section>\n","protected":false},"excerpt":{"rendered":"<p>Une agence web pas comme les autres ! Azuracom, votre  [&#8230;]<\/p>\n","protected":false},"author":3,"featured_media":0,"parent":0,"menu_order":0,"comment_status":"closed","ping_status":"closed","template":"100-width.php","meta":{"footnotes":""},"class_list":["post-801","page","type-page","status-publish","hentry"],"_links":{"self":[{"href":"https:\/\/www.domaine-usseglio-pierre.com\/en\/wp-json\/wp\/v2\/pages\/801","targetHints":{"allow":["GET"]}}],"collection":[{"href":"https:\/\/www.domaine-usseglio-pierre.com\/en\/wp-json\/wp\/v2\/pages"}],"about":[{"href":"https:\/\/www.domaine-usseglio-pierre.com\/en\/wp-json\/wp\/v2\/types\/page"}],"author":[{"embeddable":true,"href":"https:\/\/www.domaine-usseglio-pierre.com\/en\/wp-json\/wp\/v2\/users\/3"}],"replies":[{"embeddable":true,"href":"https:\/\/www.domaine-usseglio-pierre.com\/en\/wp-json\/wp\/v2\/comments?post=801"}],"version-history":[{"count":2,"href":"https:\/\/www.domaine-usseglio-pierre.com\/en\/wp-json\/wp\/v2\/pages\/801\/revisions"}],"predecessor-version":[{"id":805,"href":"https:\/\/www.domaine-usseglio-pierre.com\/en\/wp-json\/wp\/v2\/pages\/801\/revisions\/805"}],"wp:attachment":[{"href":"https:\/\/www.domaine-usseglio-pierre.com\/en\/wp-json\/wp\/v2\/media?parent=801"}],"curies":[{"name":"wp","href":"https:\/\/api.w.org\/{rel}","templated":true}]}}